{"id":5454,"date":"2015-06-16T10:23:52","date_gmt":"2015-06-16T08:23:52","guid":{"rendered":"\/\/doncomos.com\/educar\/?page_id=5454"},"modified":"2015-06-16T10:23:52","modified_gmt":"2015-06-16T08:23:52","slug":"sitemap","status":"publish","type":"page","link":"https:\/\/doncomos.com\/educar\/sitemap","title":{"rendered":"Sitemap"},"content":{"rendered":"","protected":false},"excerpt":{"rendered":"","protected":false},"author":1,"featured_media":0,"parent":0,"menu_order":0,"comment_status":"open","ping_status":"open","template":"sitemap.php","meta":{"footnotes":""},"class_list":["post-5454","page","type-page","status-publish","hentry"],"acf":[],"yoast_head":"<!-- This site is optimized with the Yoast SEO plugin v19.6 - https:\/\/yoast.com\/wordpress\/plugins\/seo\/ -->\n<title>Sitemap - Educaci\u00f3n Don C\u00f3mos<\/title>\n<meta name=\"robots\" content=\"noindex, follow\" \/>\n<meta property=\"og:locale\" content=\"es_ES\" \/>\n<meta property=\"og:type\" content=\"article\" \/>\n<meta property=\"og:title\" content=\"Sitemap - Educaci\u00f3n Don C\u00f3mos\" \/>\n<meta property=\"og:url\" content=\"https:\/\/doncomos.com\/educar\/sitemap\" \/>\n<meta property=\"og:site_name\" content=\"Educar Doncomos.com: Aprende de forma F\u00e1cil y Amena\" \/>\n<meta property=\"article:publisher\" content=\"https:\/\/www.facebook.com\/doncomos\" \/>\n<meta name=\"twitter:card\" content=\"summary\" \/>\n<meta name=\"twitter:site\" content=\"@doncomos\" \/>\n<script type=\"application\/ld+json\" class=\"yoast-schema-graph\">{\"@context\":\"https:\/\/schema.org\",\"@graph\":[{\"@type\":\"WebPage\",\"@id\":\"https:\/\/doncomos.com\/educar\/sitemap\",\"url\":\"https:\/\/doncomos.com\/educar\/sitemap\",\"name\":\"Sitemap - Educaci\u00f3n Don C\u00f3mos\",\"isPartOf\":{\"@id\":\"https:\/\/doncomos.com\/educar\/#website\"},\"datePublished\":\"2015-06-16T08:23:52+00:00\",\"dateModified\":\"2015-06-16T08:23:52+00:00\",\"breadcrumb\":{\"@id\":\"https:\/\/doncomos.com\/educar\/sitemap#breadcrumb\"},\"inLanguage\":\"es\",\"potentialAction\":[{\"@type\":\"ReadAction\",\"target\":[\"https:\/\/doncomos.com\/educar\/sitemap\"]}]},{\"@type\":\"BreadcrumbList\",\"@id\":\"https:\/\/doncomos.com\/educar\/sitemap#breadcrumb\",\"itemListElement\":[{\"@type\":\"ListItem\",\"position\":1,\"name\":\"Home\",\"item\":\"https:\/\/doncomos.com\/educar\"},{\"@type\":\"ListItem\",\"position\":2,\"name\":\"Sitemap\"}]},{\"@type\":\"WebSite\",\"@id\":\"https:\/\/doncomos.com\/educar\/#website\",\"url\":\"https:\/\/doncomos.com\/educar\/\",\"name\":\"Educar Doncomos.com: Aprende de forma F\u00e1cil y Amena\",\"description\":\"Educar - Ense\u00f1amos todos los c\u00f3mos sobre educaci\u00f3n de la mano de profesores\",\"potentialAction\":[{\"@type\":\"SearchAction\",\"target\":{\"@type\":\"EntryPoint\",\"urlTemplate\":\"https:\/\/doncomos.com\/educar\/?s={search_term_string}\"},\"query-input\":\"required name=search_term_string\"}],\"inLanguage\":\"es\"}]}<\/script>\n<!-- \/ Yoast SEO plugin. -->","yoast_head_json":{"title":"Sitemap - Educaci\u00f3n Don C\u00f3mos","robots":{"index":"noindex","follow":"follow"},"og_locale":"es_ES","og_type":"article","og_title":"Sitemap - Educaci\u00f3n Don C\u00f3mos","og_url":"https:\/\/doncomos.com\/educar\/sitemap","og_site_name":"Educar Doncomos.com: Aprende de forma F\u00e1cil y Amena","article_publisher":"https:\/\/www.facebook.com\/doncomos","twitter_card":"summary","twitter_site":"@doncomos","schema":{"@context":"https:\/\/schema.org","@graph":[{"@type":"WebPage","@id":"https:\/\/doncomos.com\/educar\/sitemap","url":"https:\/\/doncomos.com\/educar\/sitemap","name":"Sitemap - Educaci\u00f3n Don C\u00f3mos","isPartOf":{"@id":"https:\/\/doncomos.com\/educar\/#website"},"datePublished":"2015-06-16T08:23:52+00:00","dateModified":"2015-06-16T08:23:52+00:00","breadcrumb":{"@id":"https:\/\/doncomos.com\/educar\/sitemap#breadcrumb"},"inLanguage":"es","potentialAction":[{"@type":"ReadAction","target":["https:\/\/doncomos.com\/educar\/sitemap"]}]},{"@type":"BreadcrumbList","@id":"https:\/\/doncomos.com\/educar\/sitemap#breadcrumb","itemListElement":[{"@type":"ListItem","position":1,"name":"Home","item":"https:\/\/doncomos.com\/educar"},{"@type":"ListItem","position":2,"name":"Sitemap"}]},{"@type":"WebSite","@id":"https:\/\/doncomos.com\/educar\/#website","url":"https:\/\/doncomos.com\/educar\/","name":"Educar Doncomos.com: Aprende de forma F\u00e1cil y Amena","description":"Educar - Ense\u00f1amos todos los c\u00f3mos sobre educaci\u00f3n de la mano de profesores","potentialAction":[{"@type":"SearchAction","target":{"@type":"EntryPoint","urlTemplate":"https:\/\/doncomos.com\/educar\/?s={search_term_string}"},"query-input":"required name=search_term_string"}],"inLanguage":"es"}]}},"_links":{"self":[{"href":"https:\/\/doncomos.com\/educar\/wp-json\/wp\/v2\/pages\/5454","targetHints":{"allow":["GET"]}}],"collection":[{"href":"https:\/\/doncomos.com\/educar\/wp-json\/wp\/v2\/pages"}],"about":[{"href":"https:\/\/doncomos.com\/educar\/wp-json\/wp\/v2\/types\/page"}],"author":[{"embeddable":true,"href":"https:\/\/doncomos.com\/educar\/wp-json\/wp\/v2\/users\/1"}],"replies":[{"embeddable":true,"href":"https:\/\/doncomos.com\/educar\/wp-json\/wp\/v2\/comments?post=5454"}],"version-history":[{"count":0,"href":"https:\/\/doncomos.com\/educar\/wp-json\/wp\/v2\/pages\/5454\/revisions"}],"wp:attachment":[{"href":"https:\/\/doncomos.com\/educar\/wp-json\/wp\/v2\/media?parent=5454"}],"curies":[{"name":"wp","href":"https:\/\/api.w.org\/{rel}","templated":true}]}}