{"id":5352,"date":"2015-06-09T12:17:00","date_gmt":"2015-06-09T10:17:00","guid":{"rendered":"http:\/\/recetas.doncomos.com\/?page_id=5352"},"modified":"2015-06-09T12:17:00","modified_gmt":"2015-06-09T10:17:00","slug":"resultados","status":"publish","type":"page","link":"https:\/\/doncomos.com\/recetas\/resultados","title":{"rendered":"Resultados"},"content":{"rendered":"<p>[multisite_search_result excerpt=\u00bbyes\u00bb]<\/p>\n","protected":false},"excerpt":{"rendered":"<p>[multisite_search_result excerpt=\u00bbyes\u00bb]<\/p>\n","protected":false},"author":1,"featured_media":0,"parent":0,"menu_order":0,"comment_status":"open","ping_status":"open","template":"","meta":{"footnotes":""},"class_list":["post-5352","page","type-page","status-publish","hentry"],"acf":[],"yoast_head":"<!-- This site is optimized with the Yoast SEO plugin v19.6 - https:\/\/yoast.com\/wordpress\/plugins\/seo\/ -->\n<title>Resultados - Recetas Don C\u00f3mo<\/title>\n<meta name=\"robots\" content=\"noindex, follow\" \/>\n<meta property=\"og:locale\" content=\"es_ES\" \/>\n<meta property=\"og:type\" content=\"article\" \/>\n<meta property=\"og:title\" content=\"Resultados - Recetas Don C\u00f3mo\" \/>\n<meta property=\"og:description\" content=\"[multisite_search_result excerpt=\u00bbyes\u00bb]\" \/>\n<meta property=\"og:url\" content=\"https:\/\/doncomos.com\/recetas\/resultados\" \/>\n<meta property=\"og:site_name\" content=\"Recetas Doncomos.com: Recetas R\u00edcas y F\u00e1ciles de Hacer\" \/>\n<meta property=\"article:publisher\" content=\"https:\/\/www.facebook.com\/doncomos\" \/>\n<script type=\"application\/ld+json\" class=\"yoast-schema-graph\">{\"@context\":\"https:\/\/schema.org\",\"@graph\":[{\"@type\":\"WebPage\",\"@id\":\"https:\/\/doncomos.com\/recetas\/resultados\",\"url\":\"https:\/\/doncomos.com\/recetas\/resultados\",\"name\":\"Resultados - Recetas Don C\u00f3mo\",\"isPartOf\":{\"@id\":\"https:\/\/doncomos.com\/recetas\/#website\"},\"datePublished\":\"2015-06-09T10:17:00+00:00\",\"dateModified\":\"2015-06-09T10:17:00+00:00\",\"breadcrumb\":{\"@id\":\"https:\/\/doncomos.com\/recetas\/resultados#breadcrumb\"},\"inLanguage\":\"es\",\"potentialAction\":[{\"@type\":\"ReadAction\",\"target\":[\"https:\/\/doncomos.com\/recetas\/resultados\"]}]},{\"@type\":\"BreadcrumbList\",\"@id\":\"https:\/\/doncomos.com\/recetas\/resultados#breadcrumb\",\"itemListElement\":[{\"@type\":\"ListItem\",\"position\":1,\"name\":\"Portada\",\"item\":\"https:\/\/doncomos.com\/recetas\"},{\"@type\":\"ListItem\",\"position\":2,\"name\":\"Resultados\"}]},{\"@type\":\"WebSite\",\"@id\":\"https:\/\/doncomos.com\/recetas\/#website\",\"url\":\"https:\/\/doncomos.com\/recetas\/\",\"name\":\"Recetas Doncomos.com: Recetas R\u00edcas y F\u00e1ciles de Hacer\",\"description\":\"Recetas - Encuentra recetas de todo tipo y de muchos pa\u00edses diferentes. Recetas paso a paso y con fotos.\",\"potentialAction\":[{\"@type\":\"SearchAction\",\"target\":{\"@type\":\"EntryPoint\",\"urlTemplate\":\"https:\/\/doncomos.com\/recetas\/?s={search_term_string}\"},\"query-input\":\"required name=search_term_string\"}],\"inLanguage\":\"es\"}]}<\/script>\n<!-- \/ Yoast SEO plugin. -->","yoast_head_json":{"title":"Resultados - Recetas Don C\u00f3mo","robots":{"index":"noindex","follow":"follow"},"og_locale":"es_ES","og_type":"article","og_title":"Resultados - Recetas Don C\u00f3mo","og_description":"[multisite_search_result excerpt=\u00bbyes\u00bb]","og_url":"https:\/\/doncomos.com\/recetas\/resultados","og_site_name":"Recetas Doncomos.com: Recetas R\u00edcas y F\u00e1ciles de Hacer","article_publisher":"https:\/\/www.facebook.com\/doncomos","schema":{"@context":"https:\/\/schema.org","@graph":[{"@type":"WebPage","@id":"https:\/\/doncomos.com\/recetas\/resultados","url":"https:\/\/doncomos.com\/recetas\/resultados","name":"Resultados - Recetas Don C\u00f3mo","isPartOf":{"@id":"https:\/\/doncomos.com\/recetas\/#website"},"datePublished":"2015-06-09T10:17:00+00:00","dateModified":"2015-06-09T10:17:00+00:00","breadcrumb":{"@id":"https:\/\/doncomos.com\/recetas\/resultados#breadcrumb"},"inLanguage":"es","potentialAction":[{"@type":"ReadAction","target":["https:\/\/doncomos.com\/recetas\/resultados"]}]},{"@type":"BreadcrumbList","@id":"https:\/\/doncomos.com\/recetas\/resultados#breadcrumb","itemListElement":[{"@type":"ListItem","position":1,"name":"Portada","item":"https:\/\/doncomos.com\/recetas"},{"@type":"ListItem","position":2,"name":"Resultados"}]},{"@type":"WebSite","@id":"https:\/\/doncomos.com\/recetas\/#website","url":"https:\/\/doncomos.com\/recetas\/","name":"Recetas Doncomos.com: Recetas R\u00edcas y F\u00e1ciles de Hacer","description":"Recetas - Encuentra recetas de todo tipo y de muchos pa\u00edses diferentes. Recetas paso a paso y con fotos.","potentialAction":[{"@type":"SearchAction","target":{"@type":"EntryPoint","urlTemplate":"https:\/\/doncomos.com\/recetas\/?s={search_term_string}"},"query-input":"required name=search_term_string"}],"inLanguage":"es"}]}},"_links":{"self":[{"href":"https:\/\/doncomos.com\/recetas\/wp-json\/wp\/v2\/pages\/5352","targetHints":{"allow":["GET"]}}],"collection":[{"href":"https:\/\/doncomos.com\/recetas\/wp-json\/wp\/v2\/pages"}],"about":[{"href":"https:\/\/doncomos.com\/recetas\/wp-json\/wp\/v2\/types\/page"}],"author":[{"embeddable":true,"href":"https:\/\/doncomos.com\/recetas\/wp-json\/wp\/v2\/users\/1"}],"replies":[{"embeddable":true,"href":"https:\/\/doncomos.com\/recetas\/wp-json\/wp\/v2\/comments?post=5352"}],"version-history":[{"count":0,"href":"https:\/\/doncomos.com\/recetas\/wp-json\/wp\/v2\/pages\/5352\/revisions"}],"wp:attachment":[{"href":"https:\/\/doncomos.com\/recetas\/wp-json\/wp\/v2\/media?parent=5352"}],"curies":[{"name":"wp","href":"https:\/\/api.w.org\/{rel}","templated":true}]}}